{"id":26979,"date":"2023-07-11T13:42:13","date_gmt":"2023-07-11T13:42:13","guid":{"rendered":"https:\/\/modrastijena.com\/hr\/proizvod\/ardesia-beige-585x585-ret\/"},"modified":"2025-08-01T13:17:31","modified_gmt":"2025-08-01T13:17:31","slug":"ardesia-beige-585x585-ret","status":"publish","type":"product","link":"https:\/\/modrastijena.com\/hr\/proizvod\/ardesia-beige-585x585-ret\/?paket_m2=1.71","title":{"rendered":"Ardesia Beige RET 58,5&#215;58,5 cm"},"content":{"rendered":"<p><span lang=\"HR\">Komada u paketu: 5<\/span><\/p>\n<p><span lang=\"HR\">Paket m\u00b2: 1,71<\/span><\/p>\n<p><span lang=\"HR\">Te\u017eina paketa: 34,00 kg<\/span><\/p>\n<p>Debljina plo\u010dice: 9mm<\/p>\n<p>&nbsp;<\/p>\n<p>&nbsp;<\/p>\n<p>Cijene su izra\u017eene u konvertibilnim markama po m\u00b2. Kona\u010dna cijena se obra\u010dunava po koli\u010dini\/broju paketa koju naru\u010dujete.<\/p>\n","protected":false},"excerpt":{"rendered":"<p>Komada u paketu: 5 Paket m\u00b2: 1,71 Te\u017eina paketa: 34,00 kg Debljina plo\u010dice: 9mm &nbsp; &nbsp; Cijene su izra\u017eene u konvertibilnim markama po m\u00b2. Kona\u010dna cijena se obra\u010dunava po koli\u010dini\/broju paketa koju naru\u010dujete.<\/p>\n","protected":false},"featured_media":10000003262,"template":"","meta":{"_acf_changed":false},"product_brand":[763],"product_oblik":[],"product_cat":[54],"product_tag":[260,57,284,220,174,178,266],"class_list":{"0":"post-26979","1":"product","2":"type-product","3":"status-publish","4":"has-post-thumbnail","6":"product_brand-cerpa","7":"product_cat-keramika","8":"product_tag-ceramics","9":"product_tag-keramika","10":"product_tag-living-room","11":"product_tag-oblaganje-poda","12":"product_tag-plocice","13":"product_tag-podna-keramika","14":"product_tag-tiles","16":"first","17":"instock","18":"shipping-taxable","19":"purchasable","20":"product-type-simple"},"acf":[],"_links":{"self":[{"href":"https:\/\/modrastijena.com\/hr\/wp-json\/wp\/v2\/product\/26979","targetHints":{"allow":["GET"]}}],"collection":[{"href":"https:\/\/modrastijena.com\/hr\/wp-json\/wp\/v2\/product"}],"about":[{"href":"https:\/\/modrastijena.com\/hr\/wp-json\/wp\/v2\/types\/product"}],"wp:featuredmedia":[{"embeddable":true,"href":"https:\/\/modrastijena.com\/hr\/wp-json\/"}],"wp:attachment":[{"href":"https:\/\/modrastijena.com\/hr\/wp-json\/wp\/v2\/media?parent=26979"}],"wp:term":[{"taxonomy":"product_brand","embeddable":true,"href":"https:\/\/modrastijena.com\/hr\/wp-json\/wp\/v2\/product_brand?post=26979"},{"taxonomy":"product_oblik","embeddable":true,"href":"https:\/\/modrastijena.com\/hr\/wp-json\/wp\/v2\/product_oblik?post=26979"},{"taxonomy":"product_cat","embeddable":true,"href":"https:\/\/modrastijena.com\/hr\/wp-json\/wp\/v2\/product_cat?post=26979"},{"taxonomy":"product_tag","embeddable":true,"href":"https:\/\/modrastijena.com\/hr\/wp-json\/wp\/v2\/product_tag?post=26979"}],"curies":[{"name":"wp","href":"https:\/\/api.w.org\/{rel}","templated":true}]}}