{"id":26963,"date":"2023-07-26T13:35:56","date_gmt":"2023-07-26T13:35:56","guid":{"rendered":"https:\/\/modrastijena.com\/hr\/proizvod\/merano-black-grey-thorma\/"},"modified":"2025-09-15T09:47:51","modified_gmt":"2025-09-15T09:47:51","slug":"merano-black-grey-thorma","status":"publish","type":"product","link":"https:\/\/modrastijena.com\/hr\/proizvod\/merano-black-grey-thorma\/","title":{"rendered":"MERANO BLACK\/GREY (THORMA)"},"content":{"rendered":"<p>Tehni\u010dki podaci:<\/p>\n<ul>\n<li>Dimenzije cm: 45X87,8X34,4 cm<\/li>\n<li>Nominalna toplinska snaga kW: 5<\/li>\n<li>U\u010dinkovitost-iskoristivost %: 78,2<\/li>\n<li>Promjer dimnjaka cm: 12<\/li>\n<li>Ukupna te\u017eina kg: 67<\/li>\n<li>Zagrijava m\u00b3: 48-124<\/li>\n<\/ul>\n","protected":false},"excerpt":{"rendered":"<p>Tehni\u010dki podaci: Dimenzije cm: 45X87,8X34,4 cm Nominalna toplinska snaga kW: 5 U\u010dinkovitost-iskoristivost %: 78,2 Promjer dimnjaka cm: 12 Ukupna te\u017eina kg: 67 Zagrijava m\u00b3: 48-124<\/p>\n","protected":false},"featured_media":10000003298,"template":"","meta":{"_acf_changed":false},"product_brand":[724],"product_oblik":[],"product_cat":[95,112],"product_tag":[98,100,101,563,113,114,587],"class_list":{"0":"post-26963","1":"product","2":"type-product","3":"status-publish","4":"has-post-thumbnail","6":"product_brand-thorma","7":"product_cat-kamini-i-peci","8":"product_cat-peci-na-drva","9":"product_tag-fire","10":"product_tag-grijanje","11":"product_tag-heating","12":"product_tag-modern-design","13":"product_tag-pec","14":"product_tag-pec-na-drva","15":"product_tag-stove","17":"first","18":"instock","19":"shipping-taxable","20":"purchasable","21":"product-type-simple"},"acf":[],"_links":{"self":[{"href":"https:\/\/modrastijena.com\/hr\/wp-json\/wp\/v2\/product\/26963","targetHints":{"allow":["GET"]}}],"collection":[{"href":"https:\/\/modrastijena.com\/hr\/wp-json\/wp\/v2\/product"}],"about":[{"href":"https:\/\/modrastijena.com\/hr\/wp-json\/wp\/v2\/types\/product"}],"wp:featuredmedia":[{"embeddable":true,"href":"https:\/\/modrastijena.com\/hr\/wp-json\/"}],"wp:attachment":[{"href":"https:\/\/modrastijena.com\/hr\/wp-json\/wp\/v2\/media?parent=26963"}],"wp:term":[{"taxonomy":"product_brand","embeddable":true,"href":"https:\/\/modrastijena.com\/hr\/wp-json\/wp\/v2\/product_brand?post=26963"},{"taxonomy":"product_oblik","embeddable":true,"href":"https:\/\/modrastijena.com\/hr\/wp-json\/wp\/v2\/product_oblik?post=26963"},{"taxonomy":"product_cat","embeddable":true,"href":"https:\/\/modrastijena.com\/hr\/wp-json\/wp\/v2\/product_cat?post=26963"},{"taxonomy":"product_tag","embeddable":true,"href":"https:\/\/modrastijena.com\/hr\/wp-json\/wp\/v2\/product_tag?post=26963"}],"curies":[{"name":"wp","href":"https:\/\/api.w.org\/{rel}","templated":true}]}}