{"id":26933,"date":"2023-10-11T09:50:31","date_gmt":"2023-10-11T09:50:31","guid":{"rendered":"https:\/\/modrastijena.com\/hr\/proizvod\/h2oceano-28\/"},"modified":"2025-02-28T07:37:03","modified_gmt":"2025-02-28T07:37:03","slug":"h2oceano-28","status":"publish","type":"product","link":"https:\/\/modrastijena.com\/hr\/proizvod\/h2oceano-28\/","title":{"rendered":"H2OCEANO 28 (Edilkamin)"},"content":{"rendered":"<p>Tehni\u010dki podaci:<\/p>\n<ul>\n<li>Dimenzija cm: 147x78x106<\/li>\n<li>Dimenzija lo\u017ei\u0161ta cm: 78x63x40<\/li>\n<li>Max snaga-toplina kW: 28<\/li>\n<li>Korisna snaga \u2013 vode kW: 17,4<\/li>\n<li>Efikasnost- u\u010dinkovitost %: 81,5<\/li>\n<li>Potro\u0161nja goriva kg\/h: 7,5<\/li>\n<li>Sadr\u017eaj vode l: 130<\/li>\n<li>Promjer dimnjaka cm: 25<\/li>\n<li>Vanjski zrak cm: 12,5<\/li>\n<li>Ukupna te\u017eina kg: 302\/308<\/li>\n<li>Zagrijava m\u00b3: 730<\/li>\n<\/ul>\n","protected":false},"excerpt":{"rendered":"<p>Tehni\u010dki podaci: Dimenzija cm: 147x78x106 Dimenzija lo\u017ei\u0161ta cm: 78x63x40 Max snaga-toplina kW: 28 Korisna snaga \u2013 vode kW: 17,4 Efikasnost- u\u010dinkovitost %: 81,5 Potro\u0161nja goriva kg\/h: 7,5 Sadr\u017eaj vode l: 130 Promjer dimnjaka cm: 25 Vanjski zrak cm: 12,5 Ukupna te\u017eina kg: 302\/308 Zagrijava m\u00b3: 730<\/p>\n","protected":false},"featured_media":10000003369,"template":"","meta":{"_acf_changed":false},"product_brand":[709],"product_oblik":[],"product_cat":[95,96,339],"product_tag":[100,110,102,340,602,341],"class_list":{"0":"post-26933","1":"product","2":"type-product","3":"status-publish","4":"has-post-thumbnail","6":"product_brand-edilkamin","7":"product_cat-kamini-i-peci","8":"product_cat-kamini","9":"product_cat-kamini-za-centralno-grijanje","10":"product_tag-grijanje","11":"product_tag-grijanje-kaminom","12":"product_tag-kamin","13":"product_tag-kamin-na-centralno-grijanje","14":"product_tag-sustav-grijanja","15":"product_tag-talijanski-kamin","17":"first","18":"instock","19":"featured","20":"shipping-taxable","21":"purchasable","22":"product-type-simple"},"acf":[],"_links":{"self":[{"href":"https:\/\/modrastijena.com\/hr\/wp-json\/wp\/v2\/product\/26933","targetHints":{"allow":["GET"]}}],"collection":[{"href":"https:\/\/modrastijena.com\/hr\/wp-json\/wp\/v2\/product"}],"about":[{"href":"https:\/\/modrastijena.com\/hr\/wp-json\/wp\/v2\/types\/product"}],"wp:featuredmedia":[{"embeddable":true,"href":"https:\/\/modrastijena.com\/hr\/wp-json\/"}],"wp:attachment":[{"href":"https:\/\/modrastijena.com\/hr\/wp-json\/wp\/v2\/media?parent=26933"}],"wp:term":[{"taxonomy":"product_brand","embeddable":true,"href":"https:\/\/modrastijena.com\/hr\/wp-json\/wp\/v2\/product_brand?post=26933"},{"taxonomy":"product_oblik","embeddable":true,"href":"https:\/\/modrastijena.com\/hr\/wp-json\/wp\/v2\/product_oblik?post=26933"},{"taxonomy":"product_cat","embeddable":true,"href":"https:\/\/modrastijena.com\/hr\/wp-json\/wp\/v2\/product_cat?post=26933"},{"taxonomy":"product_tag","embeddable":true,"href":"https:\/\/modrastijena.com\/hr\/wp-json\/wp\/v2\/product_tag?post=26933"}],"curies":[{"name":"wp","href":"https:\/\/api.w.org\/{rel}","templated":true}]}}