{"id":26931,"date":"2024-01-03T14:19:01","date_gmt":"2024-01-03T14:19:01","guid":{"rendered":"https:\/\/modrastijena.com\/hr\/proizvod\/ardoise-blanc-40x80-cm-r\/"},"modified":"2024-08-13T13:44:19","modified_gmt":"2024-08-13T13:44:19","slug":"ardoise-blanc-40x80-cm-r","status":"publish","type":"product","link":"https:\/\/modrastijena.com\/hr\/proizvod\/ardoise-blanc-40x80-cm-r\/?paket_m2=0.96","title":{"rendered":"Ardoise Blanc R 40&#215;80 cm"},"content":{"rendered":"<div class=\"elementor-element elementor-element-772ab986 elementor-widget elementor-widget-woocommerce-product-content\" data-id=\"772ab986\" data-element_type=\"widget\" data-widget_type=\"woocommerce-product-content.default\">\n<div class=\"elementor-widget-container\">\n<p><span lang=\"HR\">Komada u paketu: 3<\/span><\/p>\n<p><span lang=\"HR\">Paket m\u00b2: 0,96<\/span><\/p>\n<p><span lang=\"HR\">Te\u017eina paketa: 21,00 kg<\/span><\/p>\n<p>Debljina plo\u010dice: 9 mm<\/p>\n<p>&nbsp;<\/p>\n<p>&nbsp;<\/p>\n<p>Cijene su izra\u017eene u konvertibilnim markama po m\u00b2. Kona\u010dna cijena se obra\u010dunava po koli\u010dini\/broju paketa koju naru\u010dujete.<\/p>\n<\/div>\n<\/div>\n","protected":false},"excerpt":{"rendered":"<p>Komada u paketu: 3 Paket m\u00b2: 0,96 Te\u017eina paketa: 21,00 kg Debljina plo\u010dice: 9 mm &nbsp; &nbsp; Cijene su izra\u017eene u konvertibilnim markama po m\u00b2. Kona\u010dna cijena se obra\u010dunava po koli\u010dini\/broju paketa koju naru\u010dujete.<\/p>\n","protected":false},"featured_media":100000024809,"template":"","meta":{"_acf_changed":false},"product_brand":[710],"product_oblik":[],"product_cat":[54],"product_tag":[313,262,570,57,174],"class_list":{"0":"post-26931","1":"product","2":"type-product","3":"status-publish","4":"has-post-thumbnail","6":"product_brand-florim","7":"product_cat-keramika","8":"product_tag-bathroom","9":"product_tag-flooring","10":"product_tag-interior-design","11":"product_tag-keramika","12":"product_tag-plocice","14":"first","15":"instock","16":"shipping-taxable","17":"purchasable","18":"product-type-simple"},"acf":[],"_links":{"self":[{"href":"https:\/\/modrastijena.com\/hr\/wp-json\/wp\/v2\/product\/26931","targetHints":{"allow":["GET"]}}],"collection":[{"href":"https:\/\/modrastijena.com\/hr\/wp-json\/wp\/v2\/product"}],"about":[{"href":"https:\/\/modrastijena.com\/hr\/wp-json\/wp\/v2\/types\/product"}],"wp:featuredmedia":[{"embeddable":true,"href":"https:\/\/modrastijena.com\/hr\/wp-json\/"}],"wp:attachment":[{"href":"https:\/\/modrastijena.com\/hr\/wp-json\/wp\/v2\/media?parent=26931"}],"wp:term":[{"taxonomy":"product_brand","embeddable":true,"href":"https:\/\/modrastijena.com\/hr\/wp-json\/wp\/v2\/product_brand?post=26931"},{"taxonomy":"product_oblik","embeddable":true,"href":"https:\/\/modrastijena.com\/hr\/wp-json\/wp\/v2\/product_oblik?post=26931"},{"taxonomy":"product_cat","embeddable":true,"href":"https:\/\/modrastijena.com\/hr\/wp-json\/wp\/v2\/product_cat?post=26931"},{"taxonomy":"product_tag","embeddable":true,"href":"https:\/\/modrastijena.com\/hr\/wp-json\/wp\/v2\/product_tag?post=26931"}],"curies":[{"name":"wp","href":"https:\/\/api.w.org\/{rel}","templated":true}]}}