{"id":26929,"date":"2024-01-03T14:30:05","date_gmt":"2024-01-03T14:30:05","guid":{"rendered":"https:\/\/modrastijena.com\/hr\/proizvod\/stones-2-0-amani-bronze-matte-80x180-cm-r\/"},"modified":"2026-02-10T07:29:07","modified_gmt":"2026-02-10T07:29:07","slug":"stones-2-0-amani-bronze-matte-80x180-cm-r","status":"publish","type":"product","link":"https:\/\/modrastijena.com\/hr\/proizvod\/stones-2-0-amani-bronze-matte-80x180-cm-r\/?paket_m2=2.88","title":{"rendered":"Stones 2.0 Amani Bronze Matte R 80&#215;180 cm"},"content":{"rendered":"<div class=\"elementor-element elementor-element-772ab986 elementor-widget elementor-widget-woocommerce-product-content\" data-id=\"772ab986\" data-element_type=\"widget\" data-widget_type=\"woocommerce-product-content.default\">\n<div class=\"elementor-widget-container\">\n<p><span lang=\"HR\">Komada u paketu: 2<\/span><\/p>\n<p><span lang=\"HR\">Paket m<strong>\u00b2<\/strong>: 2,88<\/span><\/p>\n<p><span lang=\"HR\">Te\u017eina paketa: 66 kg<\/span><\/p>\n<p>Debljina plo\u010dice: 9 mm<\/p>\n<p>&nbsp;<\/p>\n<p>&nbsp;<\/p>\n<p>Cijene su izra\u017eene u konvertibilnim markama po m\u00b2. Kona\u010dna cijena se obra\u010dunava po koli\u010dini\/broju paketa koju naru\u010dujete.<\/p>\n<\/div>\n<\/div>\n","protected":false},"excerpt":{"rendered":"<p>Komada u paketu: 2 Paket m\u00b2: 2,88 Te\u017eina paketa: 66 kg Debljina plo\u010dice: 9 mm &nbsp; &nbsp; Cijene su izra\u017eene u konvertibilnim markama po m\u00b2. Kona\u010dna cijena se obra\u010dunava po koli\u010dini\/broju paketa koju naru\u010dujete.<\/p>\n","protected":false},"featured_media":100000024821,"template":"","meta":{"_acf_changed":false},"product_brand":[710],"product_oblik":[],"product_cat":[54],"product_tag":[578,262,264,57,584,266],"class_list":{"0":"post-26929","1":"product","2":"type-product","3":"status-publish","4":"has-post-thumbnail","6":"product_brand-florim","7":"product_cat-keramika","8":"product_tag-cladding","9":"product_tag-flooring","10":"product_tag-keramicke-plocice","11":"product_tag-keramika","12":"product_tag-slabs","13":"product_tag-tiles","15":"first","16":"instock","17":"shipping-taxable","18":"purchasable","19":"product-type-simple"},"acf":[],"_links":{"self":[{"href":"https:\/\/modrastijena.com\/hr\/wp-json\/wp\/v2\/product\/26929","targetHints":{"allow":["GET"]}}],"collection":[{"href":"https:\/\/modrastijena.com\/hr\/wp-json\/wp\/v2\/product"}],"about":[{"href":"https:\/\/modrastijena.com\/hr\/wp-json\/wp\/v2\/types\/product"}],"wp:featuredmedia":[{"embeddable":true,"href":"https:\/\/modrastijena.com\/hr\/wp-json\/"}],"wp:attachment":[{"href":"https:\/\/modrastijena.com\/hr\/wp-json\/wp\/v2\/media?parent=26929"}],"wp:term":[{"taxonomy":"product_brand","embeddable":true,"href":"https:\/\/modrastijena.com\/hr\/wp-json\/wp\/v2\/product_brand?post=26929"},{"taxonomy":"product_oblik","embeddable":true,"href":"https:\/\/modrastijena.com\/hr\/wp-json\/wp\/v2\/product_oblik?post=26929"},{"taxonomy":"product_cat","embeddable":true,"href":"https:\/\/modrastijena.com\/hr\/wp-json\/wp\/v2\/product_cat?post=26929"},{"taxonomy":"product_tag","embeddable":true,"href":"https:\/\/modrastijena.com\/hr\/wp-json\/wp\/v2\/product_tag?post=26929"}],"curies":[{"name":"wp","href":"https:\/\/api.w.org\/{rel}","templated":true}]}}