{"id":24179,"date":"2023-11-23T22:45:09","date_gmt":"2023-11-23T22:45:09","guid":{"rendered":"https:\/\/modrastijena.com\/hr\/?page_id=24179"},"modified":"2023-11-23T22:46:22","modified_gmt":"2023-11-23T22:46:22","slug":"polica-privatnosti-i-uvjeti-koristenja","status":"publish","type":"page","link":"https:\/\/modrastijena.com\/hr\/polica-privatnosti-i-uvjeti-koristenja\/","title":{"rendered":"Polica privatnosti i uvjeti kori\u0161tenja"},"content":{"rendered":"\t\t<div data-elementor-type=\"wp-page\" data-elementor-id=\"24179\" class=\"elementor elementor-24179\" data-elementor-post-type=\"page\">\n\t\t\t\t<div class=\"elementor-element elementor-element-5033092 e-flex e-con-boxed e-con e-parent\" data-id=\"5033092\" data-element_type=\"container\">\n\t\t\t\t\t<div class=\"e-con-inner\">\n\t\t\t\t<div class=\"elementor-element elementor-element-a87750b elementor-widget elementor-widget-woocommerce-breadcrumb\" data-id=\"a87750b\" data-element_type=\"widget\" data-widget_type=\"woocommerce-breadcrumb.default\">\n\t\t\t\t<div class=\"elementor-widget-container\">\n\t\t\t\t\t<nav class=\"woocommerce-breadcrumb\" aria-label=\"Breadcrumb\">Po\u010detna<\/nav>\t\t\t\t<\/div>\n\t\t\t\t<\/div>\n\t\t\t\t<div class=\"elementor-element elementor-element-5390195 elementor-widget-divider--view-line elementor-widget elementor-widget-divider\" data-id=\"5390195\" data-element_type=\"widget\" data-widget_type=\"divider.default\">\n\t\t\t\t<div class=\"elementor-widget-container\">\n\t\t\t\t\t\t\t<div class=\"elementor-divider\">\n\t\t\t<span class=\"elementor-divider-separator\">\n\t\t\t\t\t\t<\/span>\n\t\t<\/div>\n\t\t\t\t\t\t<\/div>\n\t\t\t\t<\/div>\n\t\t\t\t\t<\/div>\n\t\t\t\t<\/div>\n\t\t<div class=\"elementor-element elementor-element-63660d1 e-flex e-con-boxed e-con e-parent\" data-id=\"63660d1\" data-element_type=\"container\">\n\t\t\t\t\t<div class=\"e-con-inner\">\n\t\t\t\t<div class=\"elementor-element elementor-element-1fa9975 elementor-widget__width-initial uvjeti-tekst elementor-widget elementor-widget-text-editor\" data-id=\"1fa9975\" data-element_type=\"widget\" data-widget_type=\"text-editor.default\">\n\t\t\t\t<div class=\"elementor-widget-container\">\n\t\t\t\t\t\t\t\t\t<h3>Pohrana osobnih podataka<\/h3><p>Ova web stranica prikuplja va\u0161e podatke vezane za upit, odnosno narud\u017ebu i kupnju proizvoda kojeg \u017eelite, te kontakt obrazac i obrazac za karijeru. Podaci koje nam dostavite elektroni\u010dkim putem na ovoj web stranici, poput imena, prezimena, obrazovanja,\u00a0 kontakt telefona, fizi\u010dke adrese i po\u0161tanskog broja, adrese e-po\u0161te, bit \u0107e nam dostavljeni zajedno s vremenom i IP adresom. Podaci se koriste samo u navedenu svrhu, \u010duvaju se na sigurnom i ne otkrivaju se tre\u0107im stranama.<\/p><p>Te se informacije koriste za slanje e-po\u0161te putem koje Va\u0161 upit zaprimamo na na\u0161u mail adresu, kako bi ga mogli procesuirati, te u najkra\u0107em vremenu odgovoriti. Tako\u0111er, mail adresu koristit \u0107emo u marketin\u0161ke svrhe (putem MailChimp platforme) kako bi Vas obavijestili o nekim na\u0161im uslugama, promocijama, aktualnostima unutar poduze\u0107a.<\/p><p>Rocket Science Group LLC (MailChimp) odr\u017eava mre\u017ene platforme koje omogu\u0107uju na\u0161im korisnicima da ostanu u kontaktu sa svojim pretplatnicima, prvenstveno putem e-po\u0161te. Omogu\u0107uju korisnicima prijenos adresa e-po\u0161te u bazu podataka MailChimp. Te se informacije koriste za slanje e-po\u0161te i omogu\u0107avaju upotrebu odre\u0111enih drugih zna\u010dajki MailChimp za ove korisnike. U skladu s objavljenim pravilima o privatnosti, MailChimp dijeli neke podatke s tre\u0107im stranama radi pru\u017eanja i podr\u0161ke usluga koje MailChimp pru\u017ea korisnicima. MailChimp tako\u0111er dijeli neke informacije s nezavisnim ogla\u0161iva\u010dima kako bi bolje razumjeli potrebe i interese korisnika kako bi se tim korisnicima i drugim korisnicima mogao pru\u017eiti relevantniji sadr\u017eaj i ciljano ogla\u0161avanje.<\/p><h3>Kako \u0107emo koristiti va\u0161e podatke?<\/h3><p>Va\u0161e osobne podatke koristimo samo za komunikaciju s Vama ili posjetiteljima koji izri\u010dito zatra\u017ee kontakt i za rukovanje uslugama i proizvodima ponu\u0111enim na ovoj web stranici. Ne\u0107emo otkriti va\u0161e osobne podatke bez pristanka, ali ne mo\u017eemo isklju\u010diti da \u0107e se ti podaci vidjeti u slu\u010daju nezakonitog pona\u0161anja. Prikupljamo informacije o Vama da bismo Vas mogli kontaktirati i odgovoriti na Va\u0161 zahtjev. Va\u0161e potrebne osobne podatke prikupljamo i koristimo u svrhu uspostavljanja na\u0161eg poslovnog odnosa, kao i za vrijeme va\u017eenja na\u0161eg ugovornog odnosa. Tijekom trajanja ugovornog odnosa slati \u0107emo Vam obavijesti o uslugama za koje smatramo da bi Vam mogli biti od interesa.<\/p><h3>Brisanje va\u0161ih podataka<\/h3><p>U bilo kojem trenutku unutar primljene e-po\u0161te mo\u017eete povu\u0107i svoj pristanak za primanje na\u0161eg biltena klikom na vezu na dnu. Ako ste otkazali pretplatu klikom na vezu za odjavu, va\u0161i \u0107e se podaci izbrisati na MailChimp-u.<\/p><h2 id=\"kolacici\">Kola\u010di\u0107i (cookies)<\/h2><p>Na\u0161a web stranica https:\/\/modrastijena.com\/hr (u daljnjem tekstu: \u201cweb stranica\u201d) koristi kola\u010di\u0107e i druge srodne tehnologije (zbog prakti\u010dnosti sve tehnologije nazivaju se \u201ckola\u010di\u0107i\u201d). Kola\u010di\u0107e postavljaju i tre\u0107e strane koje smo anga\u017eirali. U daljem tekstu obavje\u0161tavamo vas o upotrebi kola\u010di\u0107a na na\u0161oj web stranici.<\/p><h3>\u0160ta su kola\u010di\u0107i?<\/h3><p>Kola\u010di\u0107 je mala jednostavna datoteka koja se \u0161alje zajedno sa stranicama ove web stranice i sprema va\u0161 preglednik na tvrdi disk va\u0161eg ra\u010dunala ili drugog ure\u0111aja. Podaci pohranjeni na njima mogu se vratiti na na\u0161e poslu\u017eitelje ili na poslu\u017eitelje relevantnih tre\u0107ih strana tijekom naknadnog posjeta.<\/p><h3>Pristanak?<\/h3><p>Kad prvi put posjetite na\u0161u web stranicu, prikazat \u0107emo vam sko\u010dni prozor s obja\u0161njenjem o kola\u010di\u0107ima. \u010cim kliknete \u201cSpremi postavke\u201d, pristajete na to da koristimo kategorije kola\u010di\u0107a i dodataka koje ste odabrali u sko\u010dnom prozoru, kako je opisano u ovim Pravilima o kola\u010di\u0107ima. Kori\u0161tenje kola\u010di\u0107a mo\u017eete onemogu\u0107iti putem svog preglednika, ali imajte na umu da na\u0161a web stranica mo\u017eda vi\u0161e ne\u0107e ispravno raditi.<\/p><h3>Vrste kola\u010di\u0107a<\/h3><h4>4.1 Tehni\u010dki ili funkcionalni kola\u010di\u0107i<\/h4><p>Neki kola\u010di\u0107i osiguravaju da odre\u0111eni dijelovi web stranice rade ispravno i da va\u0161e korisni\u010dke postavke ostanu poznate. Postavljanjem funkcionalnih kola\u010di\u0107a olak\u0161avamo vam posjet na\u0161oj web stranici. Na taj na\u010din ne morate vi\u0161e puta unositi iste podatke prilikom posjeta na\u0161oj web stranici i, na primjer, predmeti ostaju u va\u0161oj ko\u0161arici dok ne platite. Ove kola\u010di\u0107e mo\u017eemo smjestiti bez va\u0161eg pristanka.<\/p><h4>4.2. Analiti\u010dki kola\u010di\u0107i<\/h4><p>Analiti\u010dke kola\u010di\u0107e koristimo za optimiziranje iskustva web stranice za na\u0161e korisnike. Ovim analiti\u010dkim kola\u010di\u0107ima dobivamo uvid u upotrebu na\u0161e web stranice. Molimo va\u0161e dopu\u0161tenje za postavljanje analiti\u010dkih kola\u010di\u0107a.<\/p><h3>Omogu\u0107avanje \/ onemogu\u0107avanje i brisanje kola\u010di\u0107a<\/h3><p>Svoj internetski preglednik mo\u017eete koristiti za automatsko ili ru\u010dno brisanje kola\u010di\u0107a. Tako\u0111er mo\u017eete odrediti da se odre\u0111eni kola\u010di\u0107i ne smiju postavljati. Druga je mogu\u0107nost promijeniti postavke internetskog preglednika tako da primate poruku svaki put kad se stavi kola\u010di\u0107. Dodatne informacije o ovim opcijama potra\u017eite u uputama u odjeljku za pomo\u0107 va\u0161eg preglednika. Napominjemo da na\u0161a web stranica mo\u017eda ne\u0107e raditi ispravno ako su svi kola\u010di\u0107i onemogu\u0107eni. Ako u svom pregledniku izbri\u0161ete kola\u010di\u0107e, oni \u0107e se ponovno smjestiti nakon va\u0161eg pristanka kada ponovno posjetite na\u0161e web stranice.<\/p><h3>Pojedinosti za kontakt<\/h3><p>Za pitanja i \/ ili komentare u vezi s na\u0161im Pravilima o kola\u010di\u0107ima i ovom izjavom, kontaktirajte nas koriste\u0107i sljede\u0107e kontakt podatke:<\/p><p><strong>Modra stijena d.o.o.<\/strong><br \/>Adresa: Visoka Glavica b.b., 88220 \u0160iroki Brijeg, Bosna i Hercegovina<br \/>Telefon: +387 (0)39 705 390<br \/>E-mail adresa: info@modrastijena.com<br \/>ID broj: 4272227570002<br \/>PDV broj: 272227570002<\/p>\t\t\t\t\t\t\t\t<\/div>\n\t\t\t\t<\/div>\n\t\t\t\t\t<\/div>\n\t\t\t\t<\/div>\n\t\t\t\t<\/div>\n\t\t","protected":false},"excerpt":{"rendered":"<p>Pohrana osobnih podataka Ova web stranica prikuplja va\u0161e podatke vezane za upit, odnosno narud\u017ebu i kupnju proizvoda kojeg \u017eelite, te kontakt obrazac i obrazac za karijeru. Podaci koje nam dostavite elektroni\u010dkim putem na ovoj web stranici, poput imena, prezimena, obrazovanja,\u00a0 kontakt telefona, fizi\u010dke adrese i po\u0161tanskog broja, adrese e-po\u0161te, bit \u0107e nam dostavljeni zajedno s [&hellip;]<\/p>\n","protected":false},"author":1,"featured_media":0,"parent":0,"menu_order":0,"comment_status":"closed","ping_status":"closed","template":"","meta":{"_acf_changed":false,"footnotes":""},"class_list":["post-24179","page","type-page","status-publish","hentry"],"acf":[],"_links":{"self":[{"href":"https:\/\/modrastijena.com\/hr\/wp-json\/wp\/v2\/pages\/24179","targetHints":{"allow":["GET"]}}],"collection":[{"href":"https:\/\/modrastijena.com\/hr\/wp-json\/wp\/v2\/pages"}],"about":[{"href":"https:\/\/modrastijena.com\/hr\/wp-json\/wp\/v2\/types\/page"}],"author":[{"embeddable":true,"href":"https:\/\/modrastijena.com\/hr\/wp-json\/wp\/v2\/users\/1"}],"replies":[{"embeddable":true,"href":"https:\/\/modrastijena.com\/hr\/wp-json\/wp\/v2\/comments?post=24179"}],"version-history":[{"count":4,"href":"https:\/\/modrastijena.com\/hr\/wp-json\/wp\/v2\/pages\/24179\/revisions"}],"predecessor-version":[{"id":24192,"href":"https:\/\/modrastijena.com\/hr\/wp-json\/wp\/v2\/pages\/24179\/revisions\/24192"}],"wp:attachment":[{"href":"https:\/\/modrastijena.com\/hr\/wp-json\/wp\/v2\/media?parent=24179"}],"curies":[{"name":"wp","href":"https:\/\/api.w.org\/{rel}","templated":true}]}}