{"id":22805,"date":"2023-11-14T22:27:49","date_gmt":"2023-11-14T22:27:49","guid":{"rendered":"https:\/\/modrastijena.com\/hr\/?page_id=22805"},"modified":"2023-12-13T00:16:09","modified_gmt":"2023-12-13T00:16:09","slug":"kontakt","status":"publish","type":"page","link":"https:\/\/modrastijena.com\/hr\/kontakt\/","title":{"rendered":"Kontakt"},"content":{"rendered":"\t\t<div data-elementor-type=\"wp-page\" data-elementor-id=\"22805\" class=\"elementor elementor-22805\" data-elementor-post-type=\"page\">\n\t\t\t\t<div class=\"elementor-element elementor-element-d949017 e-con-full e-flex e-con e-parent\" data-id=\"d949017\" data-element_type=\"container\">\n\t\t<div class=\"elementor-element elementor-element-d180b93 e-con-full e-flex e-con e-child\" data-id=\"d180b93\" data-element_type=\"container\" data-settings=\"{&quot;background_background&quot;:&quot;classic&quot;}\">\n\t\t\t\t<\/div>\n\t\t<div class=\"elementor-element elementor-element-31fd3fb e-flex e-con-boxed e-con e-child\" data-id=\"31fd3fb\" data-element_type=\"container\" data-settings=\"{&quot;background_background&quot;:&quot;classic&quot;}\">\n\t\t\t\t\t<div class=\"e-con-inner\">\n\t\t\t\t<div class=\"elementor-element elementor-element-56b107a elementor-widget elementor-widget-heading\" data-id=\"56b107a\" data-element_type=\"widget\" data-widget_type=\"heading.default\">\n\t\t\t\t<div class=\"elementor-widget-container\">\n\t\t\t\t\t<h4 class=\"elementor-heading-title elementor-size-default\"><a href=\"https:\/\/maps.app.goo.gl\/Yx2uCyyVhG74edBQ6\" target=\"_blank\">Javite se<\/a><\/h4>\t\t\t\t<\/div>\n\t\t\t\t<\/div>\n\t\t\t\t<div class=\"elementor-element elementor-element-8c76215 elementor-widget-divider--view-line elementor-widget elementor-widget-divider\" data-id=\"8c76215\" data-element_type=\"widget\" data-widget_type=\"divider.default\">\n\t\t\t\t<div class=\"elementor-widget-container\">\n\t\t\t\t\t\t\t<div class=\"elementor-divider\">\n\t\t\t<span class=\"elementor-divider-separator\">\n\t\t\t\t\t\t<\/span>\n\t\t<\/div>\n\t\t\t\t\t\t<\/div>\n\t\t\t\t<\/div>\n\t\t\t\t<div class=\"elementor-element elementor-element-d95f063 elementor-widget elementor-widget-text-editor\" data-id=\"d95f063\" data-element_type=\"widget\" data-widget_type=\"text-editor.default\">\n\t\t\t\t<div class=\"elementor-widget-container\">\n\t\t\t\t\t\t\t\t\t<p>Dobrodo\u0161li na na\u0161u kontakt stranicu!<\/p><p>Drago nam je \u0161to ste posjetili na\u0161u stranicu za kontakt. Tu smo da Vam pru\u017eimo podr\u0161ku, odgovorimo na Va\u0161a pitanja i \u010dujemo Va\u0161e povratne informacije. Bez obzira da li ste zainteresirani za na\u0161e proizvode, imate pitanje o uslugama ili \u017eelite ostaviti komentar, ovdje smo da Vam pomognemo.<\/p>\t\t\t\t\t\t\t\t<\/div>\n\t\t\t\t<\/div>\n\t\t\t\t\t<\/div>\n\t\t\t\t<\/div>\n\t\t<div class=\"elementor-element elementor-element-ce35f30 e-flex e-con-boxed e-con e-child\" data-id=\"ce35f30\" data-element_type=\"container\">\n\t\t\t\t\t<div class=\"e-con-inner\">\n\t\t\t\t<div class=\"elementor-element elementor-element-4827fec elementor-button-align-end elementor-widget elementor-widget-form\" data-id=\"4827fec\" data-element_type=\"widget\" data-settings=\"{&quot;step_next_label&quot;:&quot;Next&quot;,&quot;step_previous_label&quot;:&quot;Previous&quot;,&quot;button_width&quot;:&quot;100&quot;,&quot;step_type&quot;:&quot;number_text&quot;,&quot;step_icon_shape&quot;:&quot;circle&quot;}\" data-widget_type=\"form.default\">\n\t\t\t\t<div class=\"elementor-widget-container\">\n\t\t\t\t\t\t\t<form class=\"elementor-form\" method=\"post\" name=\"Kontakt\" aria-label=\"Kontakt\">\n\t\t\t<input type=\"hidden\" name=\"post_id\" value=\"22805\"\/>\n\t\t\t<input type=\"hidden\" name=\"form_id\" value=\"4827fec\"\/>\n\t\t\t<input type=\"hidden\" name=\"referer_title\" value=\"\" \/>\n\n\t\t\t\n\t\t\t<div class=\"elementor-form-fields-wrapper elementor-labels-\">\n\t\t\t\t\t\t\t\t<div class=\"elementor-field-type-text elementor-field-group elementor-column elementor-field-group-ime elementor-col-50\">\n\t\t\t\t\t\t\t\t\t\t\t\t<label for=\"form-field-ime\" class=\"elementor-field-label elementor-screen-only\">\n\t\t\t\t\t\t\t\tIme\t\t\t\t\t\t\t<\/label>\n\t\t\t\t\t\t\t\t\t\t\t\t\t\t<input size=\"1\" type=\"text\" name=\"form_fields[ime]\" id=\"form-field-ime\" class=\"elementor-field elementor-size-md  elementor-field-textual\" placeholder=\"Ime\">\n\t\t\t\t\t\t\t\t\t\t\t<\/div>\n\t\t\t\t\t\t\t\t<div class=\"elementor-field-type-text elementor-field-group elementor-column elementor-field-group-prezime elementor-col-50 elementor-field-required\">\n\t\t\t\t\t\t\t\t\t\t\t\t<label for=\"form-field-prezime\" class=\"elementor-field-label elementor-screen-only\">\n\t\t\t\t\t\t\t\tPrezime\t\t\t\t\t\t\t<\/label>\n\t\t\t\t\t\t\t\t\t\t\t\t\t\t<input size=\"1\" type=\"text\" name=\"form_fields[prezime]\" id=\"form-field-prezime\" class=\"elementor-field elementor-size-md  elementor-field-textual\" placeholder=\"Prezime\" required=\"required\">\n\t\t\t\t\t\t\t\t\t\t\t<\/div>\n\t\t\t\t\t\t\t\t<div class=\"elementor-field-type-email elementor-field-group elementor-column elementor-field-group-email elementor-col-50\">\n\t\t\t\t\t\t\t\t\t\t\t\t<label for=\"form-field-email\" class=\"elementor-field-label elementor-screen-only\">\n\t\t\t\t\t\t\t\tEmail\t\t\t\t\t\t\t<\/label>\n\t\t\t\t\t\t\t\t\t\t\t\t\t\t<input size=\"1\" type=\"email\" name=\"form_fields[email]\" id=\"form-field-email\" class=\"elementor-field elementor-size-md  elementor-field-textual\" placeholder=\"Email\">\n\t\t\t\t\t\t\t\t\t\t\t<\/div>\n\t\t\t\t\t\t\t\t<div class=\"elementor-field-type-tel elementor-field-group elementor-column elementor-field-group-field_86ee3d1 elementor-col-50\">\n\t\t\t\t\t\t\t\t\t\t\t\t<label for=\"form-field-field_86ee3d1\" class=\"elementor-field-label elementor-screen-only\">\n\t\t\t\t\t\t\t\tTelefon\t\t\t\t\t\t\t<\/label>\n\t\t\t\t\t\t\t\t<input size=\"1\" type=\"tel\" name=\"form_fields[field_86ee3d1]\" id=\"form-field-field_86ee3d1\" class=\"elementor-field elementor-size-md  elementor-field-textual\" placeholder=\"Telefon\" pattern=\"[0-9()#&amp;+*-=.]+\" title=\"Only numbers and phone characters (#, -, *, etc) are accepted.\">\n\n\t\t\t\t\t\t<\/div>\n\t\t\t\t\t\t\t\t<div class=\"elementor-field-type-textarea elementor-field-group elementor-column elementor-field-group-field_055ab39 elementor-col-100\">\n\t\t\t\t\t\t\t\t\t\t\t\t<label for=\"form-field-field_055ab39\" class=\"elementor-field-label elementor-screen-only\">\n\t\t\t\t\t\t\t\tPoruka\t\t\t\t\t\t\t<\/label>\n\t\t\t\t\t\t<textarea class=\"elementor-field-textual elementor-field  elementor-size-md\" name=\"form_fields[field_055ab39]\" id=\"form-field-field_055ab39\" rows=\"4\" placeholder=\"Poruka\"><\/textarea>\t\t\t\t<\/div>\n\t\t\t\t\t\t\t\t<div class=\"elementor-field-type-recaptcha_v3 elementor-field-group elementor-column elementor-field-group-field_81117f8 elementor-col-100 recaptcha_v3-bottomright\">\n\t\t\t\t\t<div class=\"elementor-field\" id=\"form-field-field_81117f8\"><div class=\"elementor-g-recaptcha\" data-sitekey=\"6LcEii8pAAAAAD2s_4kepVqs2MliiLI9nryZ4-Rg\" data-type=\"v3\" data-action=\"Form\" data-badge=\"bottomright\" data-size=\"invisible\"><\/div><\/div>\t\t\t\t<\/div>\n\t\t\t\t\t\t\t\t<div class=\"elementor-field-group elementor-column elementor-field-type-submit elementor-col-100 e-form__buttons\">\n\t\t\t\t\t<button class=\"elementor-button elementor-size-sm\" type=\"submit\">\n\t\t\t\t\t\t<span class=\"elementor-button-content-wrapper\">\n\t\t\t\t\t\t\t\t\t\t\t\t\t\t\t\t\t\t\t\t\t\t<span class=\"elementor-button-text\">PO\u0160ALJI<\/span>\n\t\t\t\t\t\t\t\t\t\t\t\t\t<\/span>\n\t\t\t\t\t<\/button>\n\t\t\t\t<\/div>\n\t\t\t<\/div>\n\t\t<\/form>\n\t\t\t\t\t\t<\/div>\n\t\t\t\t<\/div>\n\t\t\t\t\t<\/div>\n\t\t\t\t<\/div>\n\t\t\t\t<\/div>\n\t\t<div class=\"elementor-element elementor-element-8371726 e-con-full e-flex e-con e-parent\" data-id=\"8371726\" data-element_type=\"container\">\n\t\t\t\t<div class=\"elementor-element elementor-element-0a1b948 e-transform elementor-widget elementor-widget-google_maps\" data-id=\"0a1b948\" data-element_type=\"widget\" data-settings=\"{&quot;_transform_scale_effect&quot;:{&quot;unit&quot;:&quot;px&quot;,&quot;size&quot;:&quot;&quot;,&quot;sizes&quot;:[]},&quot;_transform_scale_effect_tablet&quot;:{&quot;unit&quot;:&quot;px&quot;,&quot;size&quot;:&quot;&quot;,&quot;sizes&quot;:[]},&quot;_transform_scale_effect_mobile&quot;:{&quot;unit&quot;:&quot;px&quot;,&quot;size&quot;:&quot;&quot;,&quot;sizes&quot;:[]}}\" data-widget_type=\"google_maps.default\">\n\t\t\t\t<div class=\"elementor-widget-container\">\n\t\t\t\t\t\t\t<div class=\"elementor-custom-embed\">\n\t\t\t<iframe loading=\"lazy\"\n\t\t\t\t\tsrc=\"https:\/\/maps.google.com\/maps?q=%C5%A0iroki%20Brijeg%2C%20Modra%20Stijena&#038;t=m&#038;z=10&#038;output=embed&#038;iwloc=near\"\n\t\t\t\t\ttitle=\"\u0160iroki Brijeg, Modra Stijena\"\n\t\t\t\t\taria-label=\"\u0160iroki Brijeg, Modra Stijena\"\n\t\t\t><\/iframe>\n\t\t<\/div>\n\t\t\t\t\t\t<\/div>\n\t\t\t\t<\/div>\n\t\t\t\t<\/div>\n\t\t<div class=\"elementor-element elementor-element-4c17dbb e-flex e-con-boxed e-con e-parent\" data-id=\"4c17dbb\" data-element_type=\"container\">\n\t\t\t\t\t<div class=\"e-con-inner\">\n\t\t<div class=\"elementor-element elementor-element-7ac34f6 e-con-full e-flex e-con e-child\" data-id=\"7ac34f6\" data-element_type=\"container\" data-settings=\"{&quot;background_background&quot;:&quot;classic&quot;}\">\n\t\t\t\t<div class=\"elementor-element elementor-element-45bb2da elementor-widget elementor-widget-image\" data-id=\"45bb2da\" data-element_type=\"widget\" data-widget_type=\"image.default\">\n\t\t\t\t<div class=\"elementor-widget-container\">\n\t\t\t\t\t\t\t\t\t\t\t\t\t\t\t<img fetchpriority=\"high\" decoding=\"async\" width=\"900\" height=\"514\" src=\"https:\/\/modrastijena.com\/hr\/wp-content\/uploads\/sites\/4\/Salon_Siroki_Brijeg.jpg\" class=\"attachment-large size-large wp-image-21075 wvs-archive-product-image\" alt=\"\" srcset=\"https:\/\/modrastijena.com\/hr\/wp-content\/uploads\/sites\/4\/Salon_Siroki_Brijeg.jpg 900w, https:\/\/modrastijena.com\/hr\/wp-content\/uploads\/sites\/4\/Salon_Siroki_Brijeg-768x439.jpg 768w, https:\/\/modrastijena.com\/hr\/wp-content\/uploads\/sites\/4\/Salon_Siroki_Brijeg-600x343.jpg 600w\" sizes=\"(max-width: 900px) 100vw, 900px\" \/>\t\t\t\t\t\t\t\t\t\t\t\t\t\t\t<\/div>\n\t\t\t\t<\/div>\n\t\t\t\t<div class=\"elementor-element elementor-element-ad35997 elementor-widget elementor-widget-heading\" data-id=\"ad35997\" data-element_type=\"widget\" data-widget_type=\"heading.default\">\n\t\t\t\t<div class=\"elementor-widget-container\">\n\t\t\t\t\t<h4 class=\"elementor-heading-title elementor-size-default\"><a href=\"https:\/\/maps.app.goo.gl\/Yx2uCyyVhG74edBQ6\" target=\"_blank\">\u0160iroki Brijeg (sjedi\u0161te)<\/a><\/h4>\t\t\t\t<\/div>\n\t\t\t\t<\/div>\n\t\t\t\t<div class=\"elementor-element elementor-element-1f66e14 elementor-widget-divider--view-line elementor-widget elementor-widget-divider\" data-id=\"1f66e14\" data-element_type=\"widget\" data-widget_type=\"divider.default\">\n\t\t\t\t<div class=\"elementor-widget-container\">\n\t\t\t\t\t\t\t<div class=\"elementor-divider\">\n\t\t\t<span class=\"elementor-divider-separator\">\n\t\t\t\t\t\t<\/span>\n\t\t<\/div>\n\t\t\t\t\t\t<\/div>\n\t\t\t\t<\/div>\n\t\t\t\t<div class=\"elementor-element elementor-element-bc7c8c5 kontakt-telefoni elementor-widget elementor-widget-text-editor\" data-id=\"bc7c8c5\" data-element_type=\"widget\" data-widget_type=\"text-editor.default\">\n\t\t\t\t<div class=\"elementor-widget-container\">\n\t\t\t\t\t\t\t\t\t<p>Visoka glavica bb<br \/>Tel.: +387 39 704 164<br \/>Fax.: +387 39 852 485<br \/>info@modrastijena.com<br \/>Ponedjeljak &#8211; petak od 08:00 &#8211; 19:00h<br \/>Subotom od 08:00 &#8211; 12:00h<\/p>\t\t\t\t\t\t\t\t<\/div>\n\t\t\t\t<\/div>\n\t\t\t\t<\/div>\n\t\t<div class=\"elementor-element elementor-element-42378be e-con-full e-flex e-con e-child\" data-id=\"42378be\" data-element_type=\"container\" data-settings=\"{&quot;background_background&quot;:&quot;classic&quot;}\">\n\t\t\t\t<div class=\"elementor-element elementor-element-d6b78d6 elementor-widget elementor-widget-image\" data-id=\"d6b78d6\" data-element_type=\"widget\" data-widget_type=\"image.default\">\n\t\t\t\t<div class=\"elementor-widget-container\">\n\t\t\t\t\t\t\t\t\t\t\t\t\t\t\t<img decoding=\"async\" width=\"900\" height=\"514\" src=\"https:\/\/modrastijena.com\/hr\/wp-content\/uploads\/sites\/4\/Salon_ModraStijena_Mostar.jpg\" class=\"attachment-large size-large wp-image-21074 wvs-archive-product-image\" alt=\"\" srcset=\"https:\/\/modrastijena.com\/hr\/wp-content\/uploads\/sites\/4\/Salon_ModraStijena_Mostar.jpg 900w, https:\/\/modrastijena.com\/hr\/wp-content\/uploads\/sites\/4\/Salon_ModraStijena_Mostar-768x439.jpg 768w, https:\/\/modrastijena.com\/hr\/wp-content\/uploads\/sites\/4\/Salon_ModraStijena_Mostar-600x343.jpg 600w\" sizes=\"(max-width: 900px) 100vw, 900px\" \/>\t\t\t\t\t\t\t\t\t\t\t\t\t\t\t<\/div>\n\t\t\t\t<\/div>\n\t\t\t\t<div class=\"elementor-element elementor-element-5100676 elementor-widget elementor-widget-heading\" data-id=\"5100676\" data-element_type=\"widget\" data-widget_type=\"heading.default\">\n\t\t\t\t<div class=\"elementor-widget-container\">\n\t\t\t\t\t<h4 class=\"elementor-heading-title elementor-size-default\"><a href=\"https:\/\/maps.app.goo.gl\/7nXDYxNV1MSby7Fx6\" target=\"_blank\">PJ Mostar<\/a><\/h4>\t\t\t\t<\/div>\n\t\t\t\t<\/div>\n\t\t\t\t<div class=\"elementor-element elementor-element-6c8c9cf elementor-widget-divider--view-line elementor-widget elementor-widget-divider\" data-id=\"6c8c9cf\" data-element_type=\"widget\" data-widget_type=\"divider.default\">\n\t\t\t\t<div class=\"elementor-widget-container\">\n\t\t\t\t\t\t\t<div class=\"elementor-divider\">\n\t\t\t<span class=\"elementor-divider-separator\">\n\t\t\t\t\t\t<\/span>\n\t\t<\/div>\n\t\t\t\t\t\t<\/div>\n\t\t\t\t<\/div>\n\t\t\t\t<div class=\"elementor-element elementor-element-04b9347 kontakt-telefoni elementor-widget elementor-widget-text-editor\" data-id=\"04b9347\" data-element_type=\"widget\" data-widget_type=\"text-editor.default\">\n\t\t\t\t<div class=\"elementor-widget-container\">\n\t\t\t\t\t\t\t\t\t<p>Dr. Ante Star\u010devi\u0107a 74 A<br \/>Centar 3, zgrada Narenta<br \/>Tel.\/fax.: +387 36 352 792<br \/>Ponedjeljak &#8211; petak od 08:00 &#8211; 18:00h<br \/>Subotom od 08:00 &#8211; 12:00h<\/p>\t\t\t\t\t\t\t\t<\/div>\n\t\t\t\t<\/div>\n\t\t\t\t<\/div>\n\t\t<div class=\"elementor-element elementor-element-ab6afd3 e-con-full e-flex e-con e-child\" data-id=\"ab6afd3\" data-element_type=\"container\" data-settings=\"{&quot;background_background&quot;:&quot;classic&quot;}\">\n\t\t\t\t<div class=\"elementor-element elementor-element-56016dd elementor-widget elementor-widget-image\" data-id=\"56016dd\" data-element_type=\"widget\" data-widget_type=\"image.default\">\n\t\t\t\t<div class=\"elementor-widget-container\">\n\t\t\t\t\t\t\t\t\t\t\t\t\t\t\t<img decoding=\"async\" width=\"900\" height=\"514\" src=\"https:\/\/modrastijena.com\/hr\/wp-content\/uploads\/sites\/4\/pj-livno.jpg\" class=\"attachment-large size-large wp-image-21073 wvs-archive-product-image\" alt=\"\" srcset=\"https:\/\/modrastijena.com\/hr\/wp-content\/uploads\/sites\/4\/pj-livno.jpg 900w, https:\/\/modrastijena.com\/hr\/wp-content\/uploads\/sites\/4\/pj-livno-768x439.jpg 768w, https:\/\/modrastijena.com\/hr\/wp-content\/uploads\/sites\/4\/pj-livno-600x343.jpg 600w\" sizes=\"(max-width: 900px) 100vw, 900px\" \/>\t\t\t\t\t\t\t\t\t\t\t\t\t\t\t<\/div>\n\t\t\t\t<\/div>\n\t\t\t\t<div class=\"elementor-element elementor-element-2f2d1c7 elementor-widget elementor-widget-heading\" data-id=\"2f2d1c7\" data-element_type=\"widget\" data-widget_type=\"heading.default\">\n\t\t\t\t<div class=\"elementor-widget-container\">\n\t\t\t\t\t<h4 class=\"elementor-heading-title elementor-size-default\"><a href=\"https:\/\/maps.app.goo.gl\/Ksp7qyJ57aEs3FMt7\" target=\"_blank\">PJ Livno<\/a><\/h4>\t\t\t\t<\/div>\n\t\t\t\t<\/div>\n\t\t\t\t<div class=\"elementor-element elementor-element-33103c1 elementor-widget-divider--view-line elementor-widget elementor-widget-divider\" data-id=\"33103c1\" data-element_type=\"widget\" data-widget_type=\"divider.default\">\n\t\t\t\t<div class=\"elementor-widget-container\">\n\t\t\t\t\t\t\t<div class=\"elementor-divider\">\n\t\t\t<span class=\"elementor-divider-separator\">\n\t\t\t\t\t\t<\/span>\n\t\t<\/div>\n\t\t\t\t\t\t<\/div>\n\t\t\t\t<\/div>\n\t\t\t\t<div class=\"elementor-element elementor-element-139e783 kontakt-telefoni elementor-widget elementor-widget-text-editor\" data-id=\"139e783\" data-element_type=\"widget\" data-widget_type=\"text-editor.default\">\n\t\t\t\t<div class=\"elementor-widget-container\">\n\t\t\t\t\t\t\t\t\t<p>Hrvatskog vije\u0107a obrane 1<br \/>Tel.: +387 34 204 177<br \/>Ponedjeljak &#8211; petak od 08:00 &#8211; 18:00h<br \/>Subotom od 08:00 &#8211; 12:00h<\/p>\t\t\t\t\t\t\t\t<\/div>\n\t\t\t\t<\/div>\n\t\t\t\t<\/div>\n\t\t\t\t\t<\/div>\n\t\t\t\t<\/div>\n\t\t<div class=\"elementor-element elementor-element-d947996 e-flex e-con-boxed e-con e-parent\" data-id=\"d947996\" data-element_type=\"container\">\n\t\t\t\t\t<div class=\"e-con-inner\">\n\t\t\t\t<div class=\"elementor-element elementor-element-24d31ef elementor-widget elementor-widget-spacer\" data-id=\"24d31ef\" data-element_type=\"widget\" data-widget_type=\"spacer.default\">\n\t\t\t\t<div class=\"elementor-widget-container\">\n\t\t\t\t\t\t\t<div class=\"elementor-spacer\">\n\t\t\t<div class=\"elementor-spacer-inner\"><\/div>\n\t\t<\/div>\n\t\t\t\t\t\t<\/div>\n\t\t\t\t<\/div>\n\t\t\t\t\t<\/div>\n\t\t\t\t<\/div>\n\t\t\t\t<\/div>\n\t\t","protected":false},"excerpt":{"rendered":"<p>Javite se Dobrodo\u0161li na na\u0161u kontakt stranicu! Drago nam je \u0161to ste posjetili na\u0161u stranicu za kontakt. Tu smo da Vam pru\u017eimo podr\u0161ku, odgovorimo na Va\u0161a pitanja i \u010dujemo Va\u0161e povratne informacije. Bez obzira da li ste zainteresirani za na\u0161e proizvode, imate pitanje o uslugama ili \u017eelite ostaviti komentar, ovdje smo da Vam pomognemo. \u0160iroki [&hellip;]<\/p>\n","protected":false},"author":1,"featured_media":0,"parent":0,"menu_order":0,"comment_status":"closed","ping_status":"closed","template":"","meta":{"_acf_changed":false,"footnotes":""},"class_list":["post-22805","page","type-page","status-publish","hentry"],"acf":[],"_links":{"self":[{"href":"https:\/\/modrastijena.com\/hr\/wp-json\/wp\/v2\/pages\/22805","targetHints":{"allow":["GET"]}}],"collection":[{"href":"https:\/\/modrastijena.com\/hr\/wp-json\/wp\/v2\/pages"}],"about":[{"href":"https:\/\/modrastijena.com\/hr\/wp-json\/wp\/v2\/types\/page"}],"author":[{"embeddable":true,"href":"https:\/\/modrastijena.com\/hr\/wp-json\/wp\/v2\/users\/1"}],"replies":[{"embeddable":true,"href":"https:\/\/modrastijena.com\/hr\/wp-json\/wp\/v2\/comments?post=22805"}],"version-history":[{"count":135,"href":"https:\/\/modrastijena.com\/hr\/wp-json\/wp\/v2\/pages\/22805\/revisions"}],"predecessor-version":[{"id":24691,"href":"https:\/\/modrastijena.com\/hr\/wp-json\/wp\/v2\/pages\/22805\/revisions\/24691"}],"wp:attachment":[{"href":"https:\/\/modrastijena.com\/hr\/wp-json\/wp\/v2\/media?parent=22805"}],"curies":[{"name":"wp","href":"https:\/\/api.w.org\/{rel}","templated":true}]}}